{"id":13,"date":"2022-06-07T13:15:44","date_gmt":"2022-06-07T13:15:44","guid":{"rendered":"https:\/\/visitkerkonkoski.fi\/?page_id=13"},"modified":"2026-03-31T15:12:21","modified_gmt":"2026-03-31T12:12:21","slug":"yhteystiedot","status":"publish","type":"page","link":"https:\/\/visitkerkonkoski.fi\/en\/yhteystiedot\/","title":{"rendered":"CONTACT"},"content":{"rendered":"<p>[et_pb_section fb_built=&#8221;1&#8243; fullwidth=&#8221;on&#8221; admin_label=&#8221;Page Header&#8221; _builder_version=&#8221;4.17.4&#8243; _module_preset=&#8221;default&#8221; background_color=&#8221;RGBA(255,255,255,0)&#8221; background_enable_image=&#8221;off&#8221; parallax=&#8221;on&#8221; animation_direction=&#8221;top&#8221; global_colors_info=&#8221;{}&#8221;][et_pb_fullwidth_header title=&#8221;Yhteys&#8221; background_overlay_color=&#8221;RGBA(255,255,255,0)&#8221; admin_label=&#8221;Hero Section&#8221; _builder_version=&#8221;4.17.4&#8243; _module_preset=&#8221;default&#8221; title_font=&#8221;Allerta|700|||||||&#8221; title_text_align=&#8221;center&#8221; title_text_color=&#8221;#ad4d35&#8243; title_font_size=&#8221;78px&#8221; title_letter_spacing=&#8221;-3px&#8221; title_line_height=&#8221;1.4em&#8221; content_font_size=&#8221;22px&#8221; subhead_font=&#8221;||||&#8221; background_color=&#8221;RGBA(255,255,255,0)&#8221; background_enable_image=&#8221;off&#8221; custom_button_one=&#8221;on&#8221; button_one_text_size=&#8221;16px&#8221; button_one_bg_color=&#8221;#6eba01&#8243; button_one_border_width=&#8221;2px&#8221; button_one_border_color=&#8221;#6eba01&#8243; button_one_border_radius=&#8221;0&#8243; button_one_letter_spacing=&#8221;2&#8243; button_one_font=&#8221;Montserrat|||on|&#8221; button_one_use_icon=&#8221;off&#8221; custom_button_two=&#8221;on&#8221; button_two_text_size=&#8221;16px&#8221; button_two_border_width=&#8221;2px&#8221; button_two_border_color=&#8221;#ffffff&#8221; button_two_border_radius=&#8221;0&#8243; button_two_letter_spacing=&#8221;2&#8243; button_two_font=&#8221;Montserrat|||on|&#8221; button_two_use_icon=&#8221;off&#8221; background_layout=&#8221;light&#8221; module_alignment=&#8221;left&#8221; animation_style=&#8221;fade&#8221; title_font_size_tablet=&#8221;&#8221; title_font_size_phone=&#8221;48px&#8221; title_font_size_last_edited=&#8221;on|phone&#8221; title_letter_spacing_tablet=&#8221;-2px&#8221; title_letter_spacing_phone=&#8221;-3px&#8221; title_letter_spacing_last_edited=&#8221;on|phone&#8221; button_one_text_color_hover=&#8221;#6eba01&#8243; button_two_text_color_hover=&#8221;#6eba01&#8243; button_one_border_color_hover=&#8221;#ffffff&#8221; button_two_border_color_hover=&#8221;#ffffff&#8221; button_one_border_radius_hover=&#8221;0&#8243; button_two_border_radius_hover=&#8221;0&#8243; button_one_letter_spacing_hover=&#8221;2&#8243; button_two_letter_spacing_hover=&#8221;2&#8243; button_one_bg_color_hover=&#8221;#ffffff&#8221; button_two_bg_color_hover=&#8221;#ffffff&#8221; global_colors_info=&#8221;{}&#8221; button_one_text_size__hover_enabled=&#8221;off&#8221; button_two_text_size__hover_enabled=&#8221;off&#8221; button_one_text_color__hover_enabled=&#8221;on&#8221; button_one_text_color__hover=&#8221;#6eba01&#8243; button_two_text_color__hover_enabled=&#8221;on&#8221; button_two_text_color__hover=&#8221;#6eba01&#8243; button_one_border_width__hover_enabled=&#8221;off&#8221; button_two_border_width__hover_enabled=&#8221;off&#8221; button_one_border_color__hover_enabled=&#8221;on&#8221; button_one_border_color__hover=&#8221;#ffffff&#8221; button_two_border_color__hover_enabled=&#8221;on&#8221; button_two_border_color__hover=&#8221;#ffffff&#8221; button_one_border_radius__hover_enabled=&#8221;on&#8221; button_one_border_radius__hover=&#8221;0&#8243; button_two_border_radius__hover_enabled=&#8221;on&#8221; button_two_border_radius__hover=&#8221;0&#8243; button_one_letter_spacing__hover_enabled=&#8221;on&#8221; button_one_letter_spacing__hover=&#8221;2&#8243; button_two_letter_spacing__hover_enabled=&#8221;on&#8221; button_two_letter_spacing__hover=&#8221;2&#8243; button_one_bg_color__hover_enabled=&#8221;on&#8221; button_one_bg_color__hover=&#8221;#ffffff&#8221; button_two_bg_color__hover_enabled=&#8221;on&#8221; button_two_bg_color__hover=&#8221;#ffffff&#8221;]<\/p>\n<h2><\/h2>\n<p>[\/et_pb_fullwidth_header][\/et_pb_section][et_pb_section fb_built=&#8221;1&#8243; _builder_version=&#8221;4.17.4&#8243; _module_preset=&#8221;default&#8221; background_enable_color=&#8221;off&#8221; background_image=&#8221;https:\/\/visitkerkonkoski.fi\/wp-content\/uploads\/kerkkokeinussa.jpg&#8221; background_position=&#8221;center_right&#8221; transform_scale=&#8221;101%|101%&#8221; transform_translate=&#8221;6px|-6px&#8221; width_tablet=&#8221;&#8221; width_phone=&#8221;&#8221; width_last_edited=&#8221;on|phone&#8221; max_width_tablet=&#8221;&#8221; max_width_phone=&#8221;&#8221; max_width_last_edited=&#8221;on|phone&#8221; min_height_tablet=&#8221;&#8221; min_height_phone=&#8221;475px&#8221; min_height_last_edited=&#8221;on|phone&#8221; height=&#8221;629px&#8221; max_height_tablet=&#8221;&#8221; max_height_phone=&#8221;252px&#8221; max_height_last_edited=&#8221;on|phone&#8221; global_colors_info=&#8221;{}&#8221;][\/et_pb_section][et_pb_section fb_built=&#8221;1&#8243; _builder_version=&#8221;4.17.4&#8243; _module_preset=&#8221;default&#8221; background_color=&#8221;#fffbf4&#8243; transform_translate=&#8221;7px|0px&#8221; custom_margin=&#8221;|||0px|false|false&#8221; global_colors_info=&#8221;{}&#8221;][et_pb_row column_structure=&#8221;1_2,1_2&#8243; _builder_version=&#8221;4.17.4&#8243; _module_preset=&#8221;default&#8221; global_colors_info=&#8221;{}&#8221;][et_pb_column type=&#8221;1_2&#8243; _builder_version=&#8221;4.17.4&#8243; _module_preset=&#8221;default&#8221; global_colors_info=&#8221;{}&#8221;][et_pb_text _builder_version=&#8221;4.17.4&#8243; _module_preset=&#8221;default&#8221; text_font=&#8221;Armata||||||||&#8221; text_line_height=&#8221;1.6em&#8221; header_3_line_height=&#8221;1.1em&#8221; custom_margin=&#8221;||0px||false|false&#8221; custom_padding=&#8221;58px||||false|false&#8221; link_option_url=&#8221;https:\/\/www.rautalampi.fi&#8221; link_option_url_new_window=&#8221;on&#8221; global_colors_info=&#8221;{}&#8221;]<\/p>\n<h3 style=\"text-align: left;\"><span style=\"font-weight: 400;\"><strong>Suonenjoki<\/strong> - less than half an hour<\/span><\/h3>\n<p><span style=\"font-weight: 400;\"><\/span><\/p>\n<h3><span style=\"font-weight: 400;\"><strong>Rautalampi<\/strong> - just over fifteen minutes<\/span><\/h3>\n<p><span style=\"font-weight: 400;\"><\/span><\/p>\n<h3><span style=\"font-weight: 400;\"><strong>Kuopio<\/strong> - hour<\/span><\/h3>\n<p><span style=\"font-weight: 400;\"><\/span><\/p>\n<h3><span style=\"font-weight: 400;\"><strong>Jyv\u00e4skyl\u00e4<\/strong> - a good hour<\/span><\/h3>\n<p><span style=\"font-weight: 400;\"><\/span><\/p>\n<h3><span style=\"font-weight: 400;\"><strong>South Konnevesi National Park<\/strong> - half an hour<\/span><\/h3>\n<p><span style=\"font-weight: 400;\"><\/span><\/p>\n<h3><span style=\"font-weight: 400;\"><strong>Helsinki<\/strong> - four hours or so<\/span><\/h3>\n<p>&nbsp;<\/p>\n<p><span style=\"font-size: large;\"><strong>Train station:<\/strong> Suonenjoki 28km<\/span><br \/><span style=\"font-size: large;\"><strong>Airport:<\/strong> Kuopion Lentokentt\u00e4 94km<\/span><\/p>\n<p><span style=\"font-size: large;\"><strong><br \/>Taxis operating in the village:<\/strong><\/span><br \/><span style=\"font-size: large;\">Taksi J\u00e4msinen t. 045 117 3330<\/span><br \/><span style=\"font-size: large;\">Taksi A. Suuronen t. 0400 271 579<\/span><\/p>\n<p><span style=\"font-size: large;\"><\/span><\/p>\n<p><span style=\"font-size: medium;\"><i>We belong to the municipality of Rautalampi. You can find more information about municipal services on the Rautalampi municipal website. <\/i><a href=\"https:\/\/www.rautalampi.fi\/\"><i>Here.<\/i><\/a><\/span><\/p>\n<p>[\/et_pb_text][et_pb_text _builder_version=&#8221;4.23&#8243; _module_preset=&#8221;default&#8221; text_font=&#8221;Armata||||||||&#8221; text_line_height=&#8221;1.6em&#8221; header_3_line_height=&#8221;1.1em&#8221; max_width=&#8221;200%&#8221; custom_margin=&#8221;||0px||false|false&#8221; custom_padding=&#8221;58px||||false|false&#8221; link_option_url=&#8221;https:\/\/www.rautalampi.fi&#8221; link_option_url_new_window=&#8221;on&#8221; global_colors_info=&#8221;{}&#8221;]<\/p>\n<h3 style=\"text-align: left;\">Village Hall Seurala<br \/><span style=\"font-weight: 400; font-size: medium;\">Kerkontie 15, Kerkonjoensuu<\/span><\/h3>\n<div>\n<p><span style=\"color: #666666;\"><strong>Bookings for Seurala and Wanhan Mylly<\/strong><\/span><\/p>\n<\/div>\n<p><span style=\"color: #666666;\"><span style=\"font-family: inherit; font-weight: normal;\">Ulla Ruotsalainen p. 044-5409684<br \/><\/span><span style=\"font-family: inherit; font-weight: normal;\">Jarmo Lappi t. 045-6336773<br \/>kerkonkoskenkettera@gmail.com<\/span><\/span><\/p>\n<p><span style=\"font-weight: 400;\"><strong><span style=\"font-size: medium;\">Kerkonkosken loppuneet hankkeet:<br \/><span style=\"color: #666666;\"><span style=\"font-family: inherit; font-weight: normal;\">Minna Vauhkonen t. 040-5698792<\/span><\/span><br \/><\/span><\/strong><span style=\"font-size: medium;\">kerkollekylaan@gmail.com<\/span><\/span><span style=\"font-weight: 400;\"><\/span><\/p>\n<p>[\/et_pb_text][\/et_pb_column][et_pb_column type=&#8221;1_2&#8243; _builder_version=&#8221;4.17.4&#8243; _module_preset=&#8221;default&#8221; global_colors_info=&#8221;{}&#8221;][et_pb_image src=&#8221;https:\/\/visitkerkonkoski.fi\/wp-content\/uploads\/paikkakunnat2.png&#8221; title_text=&#8221;paikkakunnat2&#8243; align_tablet=&#8221;&#8221; align_phone=&#8221;left&#8221; align_last_edited=&#8221;on|phone&#8221; _builder_version=&#8221;4.17.4&#8243; _module_preset=&#8221;default&#8221; transform_translate=&#8221;52px|0px&#8221; width=&#8221;59.8%&#8221; width_tablet=&#8221;59.8%&#8221; width_phone=&#8221;73.4%&#8221; width_last_edited=&#8221;on|phone&#8221; global_colors_info=&#8221;{}&#8221;][\/et_pb_image][\/et_pb_column][\/et_pb_row][\/et_pb_section][et_pb_section fb_built=&#8221;1&#8243; admin_label=&#8221;Contact Info&#8221; _builder_version=&#8221;4.17.4&#8243; _module_preset=&#8221;default&#8221; background_color=&#8221;#fffbf4&#8243; min_height=&#8221;393px&#8221; custom_padding=&#8221;0px||39px||false|false&#8221; locked=&#8221;off&#8221; global_colors_info=&#8221;{}&#8221;][et_pb_row column_structure=&#8221;1_3,1_3,1_3&#8243; _builder_version=&#8221;4.17.4&#8243; _module_preset=&#8221;default&#8221; background_size=&#8221;initial&#8221; background_position=&#8221;top_left&#8221; background_repeat=&#8221;repeat&#8221; custom_padding=&#8221;65px||||false|false&#8221; locked=&#8221;off&#8221; global_colors_info=&#8221;{}&#8221;][et_pb_column type=&#8221;1_3&#8243; _builder_version=&#8221;4.16&#8243; _module_preset=&#8221;default&#8221; background_position=&#8221;top_left&#8221; custom_padding=&#8221;|||&#8221; global_colors_info=&#8221;{}&#8221; custom_padding__hover=&#8221;|||&#8221;][et_pb_blurb title=&#8221;Facebook&#8221; url=&#8221;https:\/\/www.facebook.com\/Kerkonkoski\/&#8221; url_new_window=&#8221;on&#8221; use_icon=&#8221;on&#8221; font_icon=&#8221;&#xe093;||divi||400&#8243; icon_color=&#8221;#ad4d35&#8243; image_icon_width=&#8221;60px&#8221; image_icon_width_last_edited=&#8221;off|desktop&#8221; admin_label=&#8221;Address&#8221; _builder_version=&#8221;4.17.4&#8243; _module_preset=&#8221;default&#8221; header_font=&#8221;Montserrat||||&#8221; header_text_color=&#8221;#1f1f1f&#8221; header_font_size=&#8221;22px&#8221; header_line_height=&#8221;1.8em&#8221; body_font=&#8221;Armata||||||||&#8221; body_line_height=&#8221;1.9em&#8221; text_orientation=&#8221;center&#8221; width=&#8221;100%&#8221; custom_margin=&#8221;|||&#8221; custom_padding=&#8221;30px|30px|30px|30px&#8221; animation_style=&#8221;fold&#8221; animation_direction=&#8221;bottom&#8221; animation_intensity_fold=&#8221;30%&#8221; border_width_all=&#8221;0px&#8221; border_color_all=&#8221;#e0e0e0&#8243; border_style_all=&#8221;solid&#8221; use_border_color=&#8221;on&#8221; border_color=&#8221;#e0e0e0&#8243; icon_font_size=&#8221;60px&#8221; icon_font_size_last_edited=&#8221;off|desktop&#8221; locked=&#8221;off&#8221; global_colors_info=&#8221;{}&#8221;][\/et_pb_blurb][\/et_pb_column][et_pb_column type=&#8221;1_3&#8243; _builder_version=&#8221;4.16&#8243; _module_preset=&#8221;default&#8221; background_position=&#8221;top_left&#8221; custom_padding=&#8221;|||&#8221; global_colors_info=&#8221;{}&#8221; custom_padding__hover=&#8221;|||&#8221;][et_pb_blurb title=&#8221;Instagram&#8221; url=&#8221;https:\/\/www.instagram.com\/visitkerkonkoski\/&#8221; url_new_window=&#8221;on&#8221; use_icon=&#8221;on&#8221; font_icon=&#8221;&#xe09a;||divi||400&#8243; icon_color=&#8221;#ad4d35&#8243; image_icon_width=&#8221;60px&#8221; image_icon_width_last_edited=&#8221;off|desktop&#8221; _builder_version=&#8221;4.17.4&#8243; _module_preset=&#8221;default&#8221; header_font=&#8221;Montserrat||||&#8221; header_text_color=&#8221;#1f1f1f&#8221; header_font_size=&#8221;22px&#8221; header_line_height=&#8221;1.8em&#8221; body_font=&#8221;Armata||||||||&#8221; body_line_height=&#8221;1.9em&#8221; text_orientation=&#8221;center&#8221; custom_margin=&#8221;|||&#8221; custom_padding=&#8221;30px|30px|30px|30px&#8221; animation_style=&#8221;fold&#8221; animation_direction=&#8221;bottom&#8221; animation_delay=&#8221;100ms&#8221; animation_intensity_fold=&#8221;30%&#8221; border_width_all=&#8221;0px&#8221; border_color_all=&#8221;#e0e0e0&#8243; border_style_all=&#8221;solid&#8221; use_border_color=&#8221;on&#8221; border_color=&#8221;#e0e0e0&#8243; icon_font_size=&#8221;60px&#8221; icon_font_size_last_edited=&#8221;off|desktop&#8221; locked=&#8221;off&#8221; global_colors_info=&#8221;{}&#8221;]<\/p>\n<p><span style=\"font-size: 16px;\">\u00a0<\/span><\/p>\n<p>[\/et_pb_blurb][\/et_pb_column][et_pb_column type=&#8221;1_3&#8243; _builder_version=&#8221;4.16&#8243; _module_preset=&#8221;default&#8221; background_position=&#8221;top_left&#8221; custom_padding=&#8221;|||&#8221; global_colors_info=&#8221;{}&#8221; custom_padding__hover=&#8221;|||&#8221;][et_pb_blurb title=&#8221;S\u00e4hk\u00f6posti&#8221; use_icon=&#8221;on&#8221; font_icon=&#8221;&#xe076;||divi||400&#8243; icon_color=&#8221;#ad4d35&#8243; image_icon_width=&#8221;60px&#8221; image_icon_width_last_edited=&#8221;off|desktop&#8221; admin_label=&#8221;Email&#8221; _builder_version=&#8221;4.17.4&#8243; _module_preset=&#8221;default&#8221; header_font=&#8221;Montserrat||||&#8221; header_text_color=&#8221;#1f1f1f&#8221; header_font_size=&#8221;22px&#8221; header_line_height=&#8221;1.8em&#8221; body_font=&#8221;Armata||||||||&#8221; body_font_size=&#8221;15px&#8221; body_line_height=&#8221;1.9em&#8221; text_orientation=&#8221;center&#8221; custom_margin=&#8221;|||&#8221; custom_padding=&#8221;30px|30px|30px|30px&#8221; animation_style=&#8221;fold&#8221; animation_direction=&#8221;bottom&#8221; animation_delay=&#8221;200ms&#8221; animation_intensity_fold=&#8221;30%&#8221; border_width_all=&#8221;0px&#8221; border_color_all=&#8221;#e0e0e0&#8243; border_style_all=&#8221;solid&#8221; use_border_color=&#8221;on&#8221; border_color=&#8221;#e0e0e0&#8243; icon_font_size=&#8221;60px&#8221; icon_font_size_last_edited=&#8221;off|desktop&#8221; locked=&#8221;off&#8221; global_colors_info=&#8221;{}&#8221;]<\/p>\n<p><span>kerkonkoskenkettera@gmail.com<\/span><\/p>\n<p>[\/et_pb_blurb][\/et_pb_column][\/et_pb_row][\/et_pb_section][et_pb_section fb_built=&#8221;1&#8243; make_equal=&#8221;on&#8221; specialty=&#8221;on&#8221; _builder_version=&#8221;4.17.4&#8243; _module_preset=&#8221;default&#8221; background_color=&#8221;#005d6d&#8221; width=&#8221;100%&#8221; min_height_tablet=&#8221;&#8221; min_height_phone=&#8221;&#8221; min_height_last_edited=&#8221;on|phone&#8221; height=&#8221;444px&#8221; height_tablet=&#8221;444px&#8221; height_phone=&#8221;1000px&#8221; height_last_edited=&#8221;on|phone&#8221; custom_margin=&#8221;||-64px|||&#8221; locked=&#8221;off&#8221; global_colors_info=&#8221;{}&#8221;][et_pb_column type=&#8221;1_4&#8243; _builder_version=&#8221;4.16&#8243; custom_padding=&#8221;|||&#8221; global_colors_info=&#8221;{}&#8221; custom_padding__hover=&#8221;|||&#8221;][et_pb_image src=&#8221;https:\/\/visitkerkonkoski.fi\/wp-content\/uploads\/LOGOvalk.png&#8221; title_text=&#8221;LOGOvalk&#8221; _builder_version=&#8221;4.17.4&#8243; _module_preset=&#8221;default&#8221; global_colors_info=&#8221;{}&#8221;][\/et_pb_image][et_pb_button button_url=&#8221;http:\/\/rautalampi.fi&#8221; url_new_window=&#8221;on&#8221; button_text=&#8221;Rautalampi.fi&#8221; _builder_version=&#8221;4.17.4&#8243; _module_preset=&#8221;default&#8221; custom_button=&#8221;on&#8221; button_text_color=&#8221;#fff2e3&#8243; custom_margin=&#8221;0px||0px||false|false&#8221; global_colors_info=&#8221;{}&#8221;][\/et_pb_button][et_pb_icon font_icon=&#8221;&#xe0c1;||divi||400&#8243; icon_color=&#8221;#fff2e3&#8243; icon_width=&#8221;32px&#8221; url=&#8221;https:\/\/www.facebook.com\/Kerkonkoski\/&#8221; url_new_window=&#8221;on&#8221; align=&#8221;left&#8221; _builder_version=&#8221;4.17.4&#8243; _module_preset=&#8221;default&#8221; background_color=&#8221;RGBA(255,255,255,0)&#8221; custom_margin=&#8221;15px||1px|5px|false|false&#8221; custom_padding=&#8221;||0px|||&#8221; global_colors_info=&#8221;{}&#8221;][\/et_pb_icon][et_pb_icon font_icon=&#8221;&#xe09a;||divi||400&#8243; icon_color=&#8221;#fff2e3&#8243; icon_width=&#8221;33px&#8221; url=&#8221;https:\/\/www.instagram.com\/visitkerkonkoski\/&#8221; url_new_window=&#8221;on&#8221; align=&#8221;left&#8221; _builder_version=&#8221;4.17.4&#8243; _module_preset=&#8221;default&#8221; background_color=&#8221;RGBA(255,255,255,0)&#8221; custom_margin=&#8221;8px||0px|4px|false|false&#8221; custom_padding=&#8221;||0px|||&#8221; global_colors_info=&#8221;{}&#8221;][\/et_pb_icon][\/et_pb_column][et_pb_column type=&#8221;1_4&#8243; _builder_version=&#8221;4.16&#8243; custom_padding=&#8221;|||&#8221; global_colors_info=&#8221;{}&#8221; custom_padding__hover=&#8221;|||&#8221;][et_pb_text _builder_version=&#8221;4.17.4&#8243; _module_preset=&#8221;default&#8221; text_font=&#8221;Armata||||||||&#8221; text_text_color=&#8221;#fff2e3&#8243; custom_margin=&#8221;2px||||false|false&#8221; global_colors_info=&#8221;{}&#8221;]<\/p>\n<p class=\"p1\"><strong>Suonenjoki<\/strong><b> - less than half an hour<\/b><\/p>\n<p class=\"p2\"><strong>Rautalampi<\/strong> - just over fifteen minutes<\/p>\n<p class=\"p2\"><strong>Kuopio<\/strong> - hour<\/p>\n<p class=\"p2\"><strong>Jyv\u00e4skyl\u00e4<\/strong> - a good hour<\/p>\n<p class=\"p2\"><strong>South Konnevesi National Park<\/strong> - half an hour<\/p>\n<p class=\"p2\"><strong>Helsinki<\/strong> - four hours or so<\/p>\n<p>[\/et_pb_text][\/et_pb_column][et_pb_column type=&#8221;1_2&#8243; specialty_columns=&#8221;2&#8243; _builder_version=&#8221;4.16&#8243; custom_padding=&#8221;|||&#8221; global_colors_info=&#8221;{}&#8221; custom_padding__hover=&#8221;|||&#8221;][et_pb_row_inner column_structure=&#8221;1_2,1_2&#8243; _builder_version=&#8221;4.17.4&#8243; _module_preset=&#8221;default&#8221; global_colors_info=&#8221;{}&#8221;][et_pb_column_inner type=&#8221;1_2&#8243; saved_specialty_column_type=&#8221;1_2&#8243; _builder_version=&#8221;4.17.4&#8243; _module_preset=&#8221;default&#8221; global_colors_info=&#8221;{}&#8221;][et_pb_image src=&#8221;https:\/\/visitkerkonkoski.fi\/wp-content\/uploads\/kartta16.7..png&#8221; title_text=&#8221;kartta16.7.&#8221; _builder_version=&#8221;4.17.4&#8243; _module_preset=&#8221;default&#8221; height=&#8221;329px&#8221; height_tablet=&#8221;329px&#8221; height_phone=&#8221;225px&#8221; height_last_edited=&#8221;on|phone&#8221; global_colors_info=&#8221;{}&#8221;][\/et_pb_image][\/et_pb_column_inner][et_pb_column_inner type=&#8221;1_2&#8243; saved_specialty_column_type=&#8221;1_2&#8243; _builder_version=&#8221;4.17.4&#8243; _module_preset=&#8221;default&#8221; global_colors_info=&#8221;{}&#8221;][\/et_pb_column_inner][\/et_pb_row_inner][\/et_pb_column][\/et_pb_section]<\/p>","protected":false},"excerpt":{"rendered":"<p>Suonenjoki &#8211; alle puoli tuntia Rautalampi &#8211; reilu vartti Kuopio &#8211; tunti Jyv\u00e4skyl\u00e4 &#8211; reilu tunti Etel\u00e4-Konneveden kansallispuisto &#8211; puolisen tuntia Helsinki &#8211; nelisen tuntia &nbsp; Juna-asema: Suonenjoki 28kmLentoasema: Kuopion [&hellip;]<\/p>","protected":false},"author":1,"featured_media":0,"parent":0,"menu_order":0,"comment_status":"closed","ping_status":"closed","template":"","meta":{"_et_pb_use_builder":"on","_et_pb_old_content":"","_et_gb_content_width":"1184","_monsterinsights_skip_tracking":false,"_monsterinsights_sitenote_active":false,"_monsterinsights_sitenote_note":"","_monsterinsights_sitenote_category":0,"footnotes":""},"class_list":["post-13","page","type-page","status-publish","hentry"],"yoast_head":"<!-- This site is optimized with the Yoast SEO plugin v26.5 - https:\/\/yoast.com\/wordpress\/plugins\/seo\/ -->\n<title>YHTEYS - Visit Kerkonkoski<\/title>\n<meta name=\"description\" content=\"Kyl\u00e4mme tekij\u00f6iden yhteystiedot ja karttasijainti.\" \/>\n<meta name=\"robots\" content=\"index, follow, max-snippet:-1, max-image-preview:large, max-video-preview:-1\" \/>\n<link rel=\"canonical\" href=\"https:\/\/visitkerkonkoski.fi\/en\/yhteystiedot\/\" \/>\n<meta property=\"og:locale\" content=\"en_US\" \/>\n<meta property=\"og:type\" content=\"article\" \/>\n<meta property=\"og:title\" content=\"YHTEYS - Visit Kerkonkoski\" \/>\n<meta property=\"og:description\" content=\"Kyl\u00e4mme tekij\u00f6iden yhteystiedot ja karttasijainti.\" \/>\n<meta property=\"og:url\" content=\"https:\/\/visitkerkonkoski.fi\/en\/yhteystiedot\/\" \/>\n<meta property=\"og:site_name\" content=\"Visit Kerkonkoski\" \/>\n<meta property=\"article:modified_time\" content=\"2026-03-31T12:12:21+00:00\" \/>\n<meta name=\"twitter:card\" content=\"summary_large_image\" \/>\n<meta name=\"twitter:label1\" content=\"Est. reading time\" \/>\n\t<meta name=\"twitter:data1\" content=\"3 minutes\" \/>\n<script type=\"application\/ld+json\" class=\"yoast-schema-graph\">{\"@context\":\"https:\/\/schema.org\",\"@graph\":[{\"@type\":\"WebPage\",\"@id\":\"https:\/\/visitkerkonkoski.fi\/yhteystiedot\/\",\"url\":\"https:\/\/visitkerkonkoski.fi\/yhteystiedot\/\",\"name\":\"YHTEYS - Visit Kerkonkoski\",\"isPartOf\":{\"@id\":\"https:\/\/visitkerkonkoski.fi\/#website\"},\"datePublished\":\"2022-06-07T13:15:44+00:00\",\"dateModified\":\"2026-03-31T12:12:21+00:00\",\"description\":\"Kyl\u00e4mme tekij\u00f6iden yhteystiedot ja karttasijainti.\",\"breadcrumb\":{\"@id\":\"https:\/\/visitkerkonkoski.fi\/yhteystiedot\/#breadcrumb\"},\"inLanguage\":\"en-US\",\"potentialAction\":[{\"@type\":\"ReadAction\",\"target\":[\"https:\/\/visitkerkonkoski.fi\/yhteystiedot\/\"]}]},{\"@type\":\"BreadcrumbList\",\"@id\":\"https:\/\/visitkerkonkoski.fi\/yhteystiedot\/#breadcrumb\",\"itemListElement\":[{\"@type\":\"ListItem\",\"position\":1,\"name\":\"Etusivu\",\"item\":\"https:\/\/visitkerkonkoski.fi\/\"},{\"@type\":\"ListItem\",\"position\":2,\"name\":\"YHTEYS\"}]},{\"@type\":\"WebSite\",\"@id\":\"https:\/\/visitkerkonkoski.fi\/#website\",\"url\":\"https:\/\/visitkerkonkoski.fi\/\",\"name\":\"Visit Kerkonkoski\",\"description\":\"Kerkonkosken virallinen matkailusivusto\",\"potentialAction\":[{\"@type\":\"SearchAction\",\"target\":{\"@type\":\"EntryPoint\",\"urlTemplate\":\"https:\/\/visitkerkonkoski.fi\/?s={search_term_string}\"},\"query-input\":{\"@type\":\"PropertyValueSpecification\",\"valueRequired\":true,\"valueName\":\"search_term_string\"}}],\"inLanguage\":\"en-US\"}]}<\/script>\n<!-- \/ Yoast SEO plugin. -->","yoast_head_json":{"title":"YHTEYS - Visit Kerkonkoski","description":"Kyl\u00e4mme tekij\u00f6iden yhteystiedot ja karttasijainti.","robots":{"index":"index","follow":"follow","max-snippet":"max-snippet:-1","max-image-preview":"max-image-preview:large","max-video-preview":"max-video-preview:-1"},"canonical":"https:\/\/visitkerkonkoski.fi\/en\/yhteystiedot\/","og_locale":"en_US","og_type":"article","og_title":"YHTEYS - Visit Kerkonkoski","og_description":"Kyl\u00e4mme tekij\u00f6iden yhteystiedot ja karttasijainti.","og_url":"https:\/\/visitkerkonkoski.fi\/en\/yhteystiedot\/","og_site_name":"Visit Kerkonkoski","article_modified_time":"2026-03-31T12:12:21+00:00","twitter_card":"summary_large_image","twitter_misc":{"Est. reading time":"3 minutes"},"schema":{"@context":"https:\/\/schema.org","@graph":[{"@type":"WebPage","@id":"https:\/\/visitkerkonkoski.fi\/yhteystiedot\/","url":"https:\/\/visitkerkonkoski.fi\/yhteystiedot\/","name":"YHTEYS - Visit Kerkonkoski","isPartOf":{"@id":"https:\/\/visitkerkonkoski.fi\/#website"},"datePublished":"2022-06-07T13:15:44+00:00","dateModified":"2026-03-31T12:12:21+00:00","description":"Kyl\u00e4mme tekij\u00f6iden yhteystiedot ja karttasijainti.","breadcrumb":{"@id":"https:\/\/visitkerkonkoski.fi\/yhteystiedot\/#breadcrumb"},"inLanguage":"en-US","potentialAction":[{"@type":"ReadAction","target":["https:\/\/visitkerkonkoski.fi\/yhteystiedot\/"]}]},{"@type":"BreadcrumbList","@id":"https:\/\/visitkerkonkoski.fi\/yhteystiedot\/#breadcrumb","itemListElement":[{"@type":"ListItem","position":1,"name":"Etusivu","item":"https:\/\/visitkerkonkoski.fi\/"},{"@type":"ListItem","position":2,"name":"YHTEYS"}]},{"@type":"WebSite","@id":"https:\/\/visitkerkonkoski.fi\/#website","url":"https:\/\/visitkerkonkoski.fi\/","name":"Visit Kerkonkoski","description":"Kerkonkosken virallinen matkailusivusto","potentialAction":[{"@type":"SearchAction","target":{"@type":"EntryPoint","urlTemplate":"https:\/\/visitkerkonkoski.fi\/?s={search_term_string}"},"query-input":{"@type":"PropertyValueSpecification","valueRequired":true,"valueName":"search_term_string"}}],"inLanguage":"en-US"}]}},"_links":{"self":[{"href":"https:\/\/visitkerkonkoski.fi\/en\/wp-json\/wp\/v2\/pages\/13","targetHints":{"allow":["GET"]}}],"collection":[{"href":"https:\/\/visitkerkonkoski.fi\/en\/wp-json\/wp\/v2\/pages"}],"about":[{"href":"https:\/\/visitkerkonkoski.fi\/en\/wp-json\/wp\/v2\/types\/page"}],"author":[{"embeddable":true,"href":"https:\/\/visitkerkonkoski.fi\/en\/wp-json\/wp\/v2\/users\/1"}],"replies":[{"embeddable":true,"href":"https:\/\/visitkerkonkoski.fi\/en\/wp-json\/wp\/v2\/comments?post=13"}],"version-history":[{"count":45,"href":"https:\/\/visitkerkonkoski.fi\/en\/wp-json\/wp\/v2\/pages\/13\/revisions"}],"predecessor-version":[{"id":5266,"href":"https:\/\/visitkerkonkoski.fi\/en\/wp-json\/wp\/v2\/pages\/13\/revisions\/5266"}],"wp:attachment":[{"href":"https:\/\/visitkerkonkoski.fi\/en\/wp-json\/wp\/v2\/media?parent=13"}],"curies":[{"name":"wp","href":"https:\/\/api.w.org\/{rel}","templated":true}]}}